{"id":9888,"date":"2024-09-28T13:58:41","date_gmt":"2024-09-28T13:58:41","guid":{"rendered":"https:\/\/luxury-home.web11msserver.com\/?post_type=product&#038;p=9888"},"modified":"2024-11-13T13:43:22","modified_gmt":"2024-11-13T13:43:22","slug":"carmen-dining-2","status":"publish","type":"product","link":"https:\/\/luxury-home.ae\/arabic\/product\/carmen-dining-2\/","title":{"rendered":"CARMEN D\u0130N\u0130NG"},"content":{"rendered":"","protected":false},"excerpt":{"rendered":"<p>D\u0130N\u0130NG TABLE WITH 06 CHAIRS + BUFFET<\/p>\n<p>TABLE WITH M\u0130RROR + TV UNIT<\/p>\n","protected":false},"featured_media":11548,"comment_status":"open","ping_status":"closed","template":"","meta":[],"product_cat":[220,148],"product_tag":[],"class_list":{"0":"post-9888","1":"product","2":"type-product","3":"status-publish","4":"has-post-thumbnail","6":"product_cat-carmen-dining---","7":"product_cat-148","9":"first","10":"instock","11":"sale","12":"shipping-taxable","13":"purchasable","14":"product-type-simple"},"_links":{"self":[{"href":"https:\/\/luxury-home.ae\/arabic\/wp-json\/wp\/v2\/product\/9888","targetHints":{"allow":["GET"]}}],"collection":[{"href":"https:\/\/luxury-home.ae\/arabic\/wp-json\/wp\/v2\/product"}],"about":[{"href":"https:\/\/luxury-home.ae\/arabic\/wp-json\/wp\/v2\/types\/product"}],"replies":[{"embeddable":true,"href":"https:\/\/luxury-home.ae\/arabic\/wp-json\/wp\/v2\/comments?post=9888"}],"wp:featuredmedia":[{"embeddable":true,"href":"https:\/\/luxury-home.ae\/arabic\/wp-json\/wp\/v2\/media\/11548"}],"wp:attachment":[{"href":"https:\/\/luxury-home.ae\/arabic\/wp-json\/wp\/v2\/media?parent=9888"}],"wp:term":[{"taxonomy":"product_cat","embeddable":true,"href":"https:\/\/luxury-home.ae\/arabic\/wp-json\/wp\/v2\/product_cat?post=9888"},{"taxonomy":"product_tag","embeddable":true,"href":"https:\/\/luxury-home.ae\/arabic\/wp-json\/wp\/v2\/product_tag?post=9888"}],"curies":[{"name":"wp","href":"https:\/\/api.w.org\/{rel}","templated":true}]}}